{"id":32,"date":"2016-10-02T16:43:56","date_gmt":"2016-10-02T16:43:56","guid":{"rendered":"http:\/\/asesoriapilar.es\/?page_id=32"},"modified":"2020-03-10T09:28:39","modified_gmt":"2020-03-10T09:28:39","slug":"contacto","status":"publish","type":"page","link":"http:\/\/asesoriapilar.es\/?page_id=32","title":{"rendered":"CONTACTO"},"content":{"rendered":"<table>\n<tbody>\n<tr>\n<td><strong>&nbsp;<\/strong><\/td>\n<td style=\"text-align: center;\"><b>CAMPILLO DE LLERENA<\/b><\/td>\n<td style=\"text-align: center;\"><b>C\/ Mesones, 12<\/b><\/td>\n<\/tr>\n<tr>\n<td>\n<p style=\"text-align: center;\"><strong>Tel\u00e9fonos &nbsp; &nbsp;<\/strong><\/p>\n<p style=\"text-align: center;\">924 77 02 23<\/p>\n<p style=\"text-align: center;\">&nbsp;924 77 10 24<\/p>\n<\/td>\n<td>\n<p style=\"text-align: center;\"><span style=\"color: #800000;\"><strong>Graduado Social:&nbsp;<\/strong><\/span><\/p>\n<p style=\"text-align: center;\">pily@asesoriapilar.es<\/p>\n<p style=\"text-align: center;\"><strong><span style=\"color: #800000;\">Agente de Seguros:<\/span><\/strong><\/p>\n<p style=\"text-align: center;\"><span style=\"color: #000000;\">manueljose@asesoriapilar.es<\/span><\/p>\n<p style=\"text-align: center;\"><strong><span style=\"color: #800000;\">Administrativos:<\/span><\/strong><\/p>\n<p style=\"text-align: center;\">&nbsp;maria@asesoriapilar.es<\/p>\n<p style=\"text-align: center;\">manuela@asesoriapilar.es<\/p>\n<\/td>\n<td>&nbsp;<img loading=\"lazy\" class=\"alignnone wp-image-35 size-medium\" src=\"http:\/\/asesoriapilar.es\/wp-content\/uploads\/2016\/10\/oficina-225x300.jpg\" alt=\"oficina\" width=\"225\" height=\"300\" srcset=\"http:\/\/asesoriapilar.es\/wp-content\/uploads\/2016\/10\/oficina-225x300.jpg 225w, http:\/\/asesoriapilar.es\/wp-content\/uploads\/2016\/10\/oficina-768x1024.jpg 768w, http:\/\/asesoriapilar.es\/wp-content\/uploads\/2016\/10\/oficina.jpg 1200w\" sizes=\"(max-width: 225px) 100vw, 225px\" \/><\/td>\n<\/tr>\n<\/tbody>\n<\/table>\n<p>&nbsp;<\/p>\n<table>\n<tbody>\n<tr>\n<td><span style=\"color: #000000;\"><strong>&nbsp;<\/strong><\/span><\/td>\n<td style=\"text-align: center;\"><strong><span style=\"color: #000000;\">AZUAGA<\/span><\/strong><\/td>\n<td style=\"text-align: center;\"><strong><span style=\"color: #000000;\">&nbsp; C\/ Estalajes, 23<\/span><\/strong><\/td>\n<\/tr>\n<tr>\n<td>\n<p style=\"text-align: center;\"><strong>Tel\u00e9fono<\/strong><\/p>\n<p style=\"text-align: center;\">924891178<\/p>\n<\/td>\n<td style=\"text-align: center;\"><strong><span style=\"color: #800000;\">Adminstrativo:<\/span><\/strong>&nbsp;<\/p>\n<p>eva@asesoriapilar.es<\/td>\n<td style=\"text-align: center;\"><img loading=\"lazy\" class=\"alignnone size-medium wp-image-82\" src=\"http:\/\/asesoriapilar.es\/wp-content\/uploads\/2016\/10\/2017-04-19-18.29.22-222x300.png\" alt=\"\" width=\"222\" height=\"300\" srcset=\"http:\/\/asesoriapilar.es\/wp-content\/uploads\/2016\/10\/2017-04-19-18.29.22-222x300.png 222w, http:\/\/asesoriapilar.es\/wp-content\/uploads\/2016\/10\/2017-04-19-18.29.22.png 354w\" sizes=\"(max-width: 222px) 100vw, 222px\" \/><\/td>\n<\/tr>\n<\/tbody>\n<\/table>\n<p>Si necesitas m\u00e1s informaci\u00f3n sobre nuestra empresa o sobre nuestro servicios, ponte en contacto con nosotros hoy mismo a trav\u00e9s del siguiente formulario, ll\u00e1manos o ven a vernos a nuestras oficinas. Estaremos encantados de atenderte.<\/p>\n<div role=\"form\" class=\"wpcf7\" id=\"wpcf7-f42-o1\" lang=\"es-ES\" dir=\"ltr\">\n<div class=\"screen-reader-response\"><p role=\"status\" aria-live=\"polite\" aria-atomic=\"true\"><\/p> <ul><\/ul><\/div>\n<form action=\"\/index.php?rest_route=%2Fwp%2Fv2%2Fpages%2F32#wpcf7-f42-o1\" method=\"post\" class=\"wpcf7-form init\" novalidate=\"novalidate\" data-status=\"init\">\n<div style=\"display: none;\">\n<input type=\"hidden\" name=\"_wpcf7\" value=\"42\" \/>\n<input type=\"hidden\" name=\"_wpcf7_version\" value=\"5.5.3\" \/>\n<input type=\"hidden\" name=\"_wpcf7_locale\" value=\"es_ES\" \/>\n<input type=\"hidden\" name=\"_wpcf7_unit_tag\" value=\"wpcf7-f42-o1\" \/>\n<input type=\"hidden\" name=\"_wpcf7_container_post\" value=\"0\" \/>\n<input type=\"hidden\" name=\"_wpcf7_posted_data_hash\" value=\"\" \/>\n<\/div>\n<p><label> Nombre*<br \/>\n    <span class=\"wpcf7-form-control-wrap your-name\"><input type=\"text\" name=\"your-name\" value=\"\" size=\"40\" class=\"wpcf7-form-control wpcf7-text wpcf7-validates-as-required\" aria-required=\"true\" aria-invalid=\"false\" \/><\/span> <\/label><\/p>\n<p><label> Tu correo electr\u00f3nico*<br \/>\n    <span class=\"wpcf7-form-control-wrap your-email\"><input type=\"email\" name=\"your-email\" value=\"\" size=\"40\" class=\"wpcf7-form-control wpcf7-text wpcf7-email wpcf7-validates-as-required wpcf7-validates-as-email\" aria-required=\"true\" aria-invalid=\"false\" \/><\/span> <\/label><\/p>\n<p><label> Tel\u00e9fono de Contacto*<br \/>\n    <span class=\"wpcf7-form-control-wrap tel-324\"><input type=\"tel\" name=\"tel-324\" value=\"\" size=\"40\" class=\"wpcf7-form-control wpcf7-text wpcf7-tel wpcf7-validates-as-required wpcf7-validates-as-tel\" aria-required=\"true\" aria-invalid=\"false\" \/><\/span> <\/label><\/p>\n<p><label> Asunto*<br \/>\n    <span class=\"wpcf7-form-control-wrap your-subject\"><input type=\"text\" name=\"your-subject\" value=\"\" size=\"40\" class=\"wpcf7-form-control wpcf7-text wpcf7-validates-as-required\" aria-required=\"true\" aria-invalid=\"false\" \/><\/span> <\/label><\/p>\n<p><label> Mensaje*<br \/>\n    <span class=\"wpcf7-form-control-wrap your-message\"><textarea name=\"your-message\" cols=\"40\" rows=\"10\" class=\"wpcf7-form-control wpcf7-textarea wpcf7-validates-as-required\" aria-required=\"true\" aria-invalid=\"false\"><\/textarea><\/span> <\/label><\/p>\n<p>[recaptcha]<\/p>\n<p><input type=\"submit\" value=\"Enviar\" class=\"wpcf7-form-control has-spinner wpcf7-submit\" \/><\/p>\n<p style=\"display: none !important;\"><label>&#916;<textarea name=\"_wpcf7_ak_hp_textarea\" cols=\"45\" rows=\"8\" maxlength=\"100\"><\/textarea><\/label><input type=\"hidden\" id=\"ak_js\" name=\"_wpcf7_ak_js\" value=\"7\"\/><script>document.getElementById( \"ak_js\" ).setAttribute( \"value\", ( new Date() ).getTime() );<\/script><\/p><div class=\"wpcf7-response-output\" aria-hidden=\"true\"><\/div><\/form><\/div>\n","protected":false},"excerpt":{"rendered":"<p>&nbsp; CAMPILLO DE LLERENA C\/ Mesones, 12 Tel\u00e9fonos &nbsp; &nbsp; 924 77 02 23 &nbsp;924 77 10 24 Graduado Social:&nbsp; pily@asesoriapilar.es Agente de Seguros: manueljose@asesoriapilar.es<\/p>\n","protected":false},"author":1,"featured_media":0,"parent":0,"menu_order":0,"comment_status":"closed","ping_status":"closed","template":"","meta":[],"_links":{"self":[{"href":"http:\/\/asesoriapilar.es\/index.php?rest_route=\/wp\/v2\/pages\/32"}],"collection":[{"href":"http:\/\/asesoriapilar.es\/index.php?rest_route=\/wp\/v2\/pages"}],"about":[{"href":"http:\/\/asesoriapilar.es\/index.php?rest_route=\/wp\/v2\/types\/page"}],"author":[{"embeddable":true,"href":"http:\/\/asesoriapilar.es\/index.php?rest_route=\/wp\/v2\/users\/1"}],"replies":[{"embeddable":true,"href":"http:\/\/asesoriapilar.es\/index.php?rest_route=%2Fwp%2Fv2%2Fcomments&post=32"}],"version-history":[{"count":10,"href":"http:\/\/asesoriapilar.es\/index.php?rest_route=\/wp\/v2\/pages\/32\/revisions"}],"predecessor-version":[{"id":220,"href":"http:\/\/asesoriapilar.es\/index.php?rest_route=\/wp\/v2\/pages\/32\/revisions\/220"}],"wp:attachment":[{"href":"http:\/\/asesoriapilar.es\/index.php?rest_route=%2Fwp%2Fv2%2Fmedia&parent=32"}],"curies":[{"name":"wp","href":"https:\/\/api.w.org\/{rel}","templated":true}]}}