{"id":58,"date":"2016-10-02T23:23:16","date_gmt":"2016-10-02T23:23:16","guid":{"rendered":"http:\/\/asesoriapilar.es\/?page_id=58"},"modified":"2018-10-30T16:05:10","modified_gmt":"2018-10-30T16:05:10","slug":"servicios","status":"publish","type":"page","link":"http:\/\/asesoriapilar.es\/","title":{"rendered":"Servicios"},"content":{"rendered":"<div class=\"style127\">\n<p>[ngg_images source=\u00bbgalleries\u00bb display_type=\u00bbphotocrati-nextgen_basic_slideshow\u00bb gallery_width=\u00bb600&#8243; gallery_height=\u00bb400&#8243; cycle_effect=\u00bbfade\u00bb cycle_interval=\u00bb6&#8243; show_thumbnail_link=\u00bb0&#8243; thumbnail_link_text=\u00bb[Mostrar miniaturas]\u00bb order_by=\u00bbsortorder\u00bb order_direction=\u00bbASC\u00bb returns=\u00bbincluded\u00bb maximum_entity_count=\u00bb500&#8243;]<\/p>\n<\/div>\n<div class=\"style127\"><strong>Aut\u00f3nomos<\/strong><\/div>\n<div class=\"style127\"><span class=\"style122\">Establecerse como trabajador por cuenta propia o aut\u00f3nomo. Alta en el impuesto de actividades econ\u00f3micas. Alta en RETA \/ AT \/ EP. Aut\u00f3nomos agrarios. Alta como empresa. Bases de cotizaci\u00f3n. Riesgos laborales. Inspecci\u00f3n de trabajo. Estatuto del aut\u00f3nomo. Subvenciones y ayudas. Financiaci\u00f3n ICO<\/span>.<\/div>\n<hr \/>\n<p class=\"style123\"><strong>Sociedades<\/strong><br \/>\nConsultor\u00eda y asesor\u00eda empresarial en el \u00e1mbito fiscal, laboral, contable, mercantil y jur\u00eddico. Extremos a tener en cuenta a la hora de crear una empresa. Requisitos y obligaciones administrativas y legislativas. Elecci\u00f3n de la forma jur\u00eddica. Financiaci\u00f3n. An\u00e1lisis y estrategia. Optimizaci\u00f3n y competitividad.<\/p>\n<hr \/>\n<p class=\"style123\"><strong>Gestor\u00eda administrativa<\/strong><br \/>\nImpuesto sobre Sucesiones y Donaciones.<br \/>\nCertificado contrato de cobertura de fallecimiento.<br \/>\nCertificado de actos de \u00faltima voluntad.<br \/>\nInforme S.S. de bases y cuotas por ejercicio.<br \/>\nInforme S.S. de situaci\u00f3n de cotizaci\u00f3n-deuda.<br \/>\nCertificado de nacimiento del Registro Civil.<br \/>\nCertificado de matrimonio del Registro Civil.<\/p>\n<p><strong>CORREDURIA DE SEGUROS:<\/strong><\/p>\n<p>Mediamos con todas la compa\u00f1\u00edas de seguros para ofrecer el mas amplio abanico de seguros a empresas y particulares.\u00a0 Somos Agentes de una de las mayores corredur\u00edas a nivel nacional: http:\/\/www.redmediariaseguros.es\/<\/p>\n<p>&nbsp;<\/p>\n","protected":false},"excerpt":{"rendered":"<p>[ngg_images source=\u00bbgalleries\u00bb display_type=\u00bbphotocrati-nextgen_basic_slideshow\u00bb gallery_width=\u00bb600&#8243; gallery_height=\u00bb400&#8243; cycle_effect=\u00bbfade\u00bb cycle_interval=\u00bb6&#8243; show_thumbnail_link=\u00bb0&#8243; thumbnail_link_text=\u00bb[Mostrar miniaturas]\u00bb order_by=\u00bbsortorder\u00bb order_direction=\u00bbASC\u00bb returns=\u00bbincluded\u00bb maximum_entity_count=\u00bb500&#8243;] Aut\u00f3nomos Establecerse como trabajador por cuenta propia o aut\u00f3nomo. Alta en<\/p>\n","protected":false},"author":1,"featured_media":0,"parent":0,"menu_order":0,"comment_status":"closed","ping_status":"closed","template":"","meta":[],"_links":{"self":[{"href":"http:\/\/asesoriapilar.es\/index.php?rest_route=\/wp\/v2\/pages\/58"}],"collection":[{"href":"http:\/\/asesoriapilar.es\/index.php?rest_route=\/wp\/v2\/pages"}],"about":[{"href":"http:\/\/asesoriapilar.es\/index.php?rest_route=\/wp\/v2\/types\/page"}],"author":[{"embeddable":true,"href":"http:\/\/asesoriapilar.es\/index.php?rest_route=\/wp\/v2\/users\/1"}],"replies":[{"embeddable":true,"href":"http:\/\/asesoriapilar.es\/index.php?rest_route=%2Fwp%2Fv2%2Fcomments&post=58"}],"version-history":[{"count":13,"href":"http:\/\/asesoriapilar.es\/index.php?rest_route=\/wp\/v2\/pages\/58\/revisions"}],"predecessor-version":[{"id":216,"href":"http:\/\/asesoriapilar.es\/index.php?rest_route=\/wp\/v2\/pages\/58\/revisions\/216"}],"wp:attachment":[{"href":"http:\/\/asesoriapilar.es\/index.php?rest_route=%2Fwp%2Fv2%2Fmedia&parent=58"}],"curies":[{"name":"wp","href":"https:\/\/api.w.org\/{rel}","templated":true}]}}