{"id":8,"date":"2016-10-02T14:28:59","date_gmt":"2016-10-02T14:28:59","guid":{"rendered":"http:\/\/asesoriapilar.es\/?page_id=8"},"modified":"2018-10-30T15:54:36","modified_gmt":"2018-10-30T15:54:36","slug":"fiscal","status":"publish","type":"page","link":"http:\/\/asesoriapilar.es\/?page_id=8","title":{"rendered":"Fiscal"},"content":{"rendered":"<div class=\"vc_row wpb_row vc_row-fluid\">\n<div class=\"vc_col-sm-6 wpb_column vc_column_container \">\n<div class=\"wpb_wrapper\">\n<div class=\"wpb_text_column wpb_content_element \">\n<div class=\"wpb_wrapper\">\n<h3><strong>Auditor\u00eda fiscal \u2013 Recursos administrativos<\/strong><\/h3>\n<ul>\n<li>Asesores <strong>fiscales<\/strong> y <strong>tributarios<\/strong>.<\/li>\n<li>Asistencia, representaci\u00f3n y defensa.<\/li>\n<li>Recursos <strong>administrativos<\/strong>.<\/li>\n<li>Comprobaciones tributarias.<\/li>\n<li><strong>Presentaci\u00f3n<\/strong> y <strong>tramitaci\u00f3n<\/strong> de escritos y consultas ante la <strong>Administraci\u00f3n Tributaria<\/strong>.<\/li>\n<li><strong>Pagos<\/strong> fraccionados.<\/li>\n<li>Representaci\u00f3n ante la Agencia Tributaria.<\/li>\n<li>Servicios de consultor\u00eda tributaria.<\/li>\n<\/ul>\n<\/div>\n<\/div>\n<\/div>\n<\/div>\n<div class=\"vc_col-sm-6 wpb_column vc_column_container \">\n<div class=\"wpb_wrapper\">\n<div class=\"wpb_text_column wpb_content_element \">\n<div class=\"wpb_wrapper\">\n<h3><strong>Gesti\u00f3n de impuestos<\/strong><\/h3>\n<ul>\n<li>Elaboraci\u00f3n, presentaci\u00f3n y dep\u00f3sito de cuentas anuales.<\/li>\n<li><strong>Auditor\u00eda fiscal<\/strong> de empresas.<\/li>\n<li>Confecci\u00f3n y presentaci\u00f3n de las<strong> declaraciones de IVA<\/strong>, Impuesto de\u00a0<strong>Sociedades<\/strong>, <strong>Renta<\/strong>, <strong>No Residentes<\/strong>, censos, impuestos <strong>especiales<\/strong>, <strong>aduanas<\/strong>, Impuesto <strong>Actividades Econ\u00f3micas<\/strong>, Impuesto <strong>Sucesiones<\/strong>, <strong>herencias<\/strong>.<\/li>\n<li><strong>Retenci\u00f3n<\/strong> y <strong>pago a cuenta<\/strong> de impuestos.<\/li>\n<li>Presentaciones de impuestos de forma <strong>telem\u00e1tica<\/strong>.<\/li>\n<li>Asesoramiento fiscal a todo tipo de empresas.<\/li>\n<\/ul>\n<\/div>\n<\/div>\n<\/div>\n<\/div>\n<\/div>\n<div class=\"vc_row wpb_row vc_row-fluid\">\n<div class=\"vc_col-sm-6 wpb_column vc_column_container \">\n<div class=\"wpb_wrapper\">\n<div class=\"wpb_text_column wpb_content_element \">\n<div class=\"wpb_wrapper\">\n<h3><strong>Otros servicios de asesoramiento<\/strong><\/h3>\n<ul>\n<li>Asesoramiento para empresas agr\u00edcolas.<\/li>\n<li>Asesoramiento y tramitaci\u00f3n de ayudas j\u00f3venes agricultores, planes de mejora, P.A.C., etc.<\/li>\n<li>Movimiento de derechos de Pago Basico.<\/li>\n<li>Reserva nacional<\/li>\n<\/ul>\n<p><img loading=\"lazy\" class=\"alignnone size-large wp-image-28\" src=\"http:\/\/asesoriapilar.es\/wp-content\/uploads\/2016\/10\/banner-asesoria-fiscal-1024x193.jpg\" alt=\"banner-asesoria-fiscal\" width=\"1024\" height=\"193\" srcset=\"http:\/\/asesoriapilar.es\/wp-content\/uploads\/2016\/10\/banner-asesoria-fiscal-1024x193.jpg 1024w, http:\/\/asesoriapilar.es\/wp-content\/uploads\/2016\/10\/banner-asesoria-fiscal-300x56.jpg 300w, http:\/\/asesoriapilar.es\/wp-content\/uploads\/2016\/10\/banner-asesoria-fiscal-768x145.jpg 768w, http:\/\/asesoriapilar.es\/wp-content\/uploads\/2016\/10\/banner-asesoria-fiscal.jpg 1349w\" sizes=\"(max-width: 1024px) 100vw, 1024px\" \/><\/p>\n<\/div>\n<\/div>\n<\/div>\n<\/div>\n<\/div>\n","protected":false},"excerpt":{"rendered":"<p>Auditor\u00eda fiscal \u2013 Recursos administrativos Asesores fiscales y tributarios. Asistencia, representaci\u00f3n y defensa. Recursos administrativos. Comprobaciones tributarias. Presentaci\u00f3n y tramitaci\u00f3n de escritos y consultas ante<\/p>\n","protected":false},"author":1,"featured_media":0,"parent":0,"menu_order":0,"comment_status":"closed","ping_status":"closed","template":"","meta":[],"_links":{"self":[{"href":"http:\/\/asesoriapilar.es\/index.php?rest_route=\/wp\/v2\/pages\/8"}],"collection":[{"href":"http:\/\/asesoriapilar.es\/index.php?rest_route=\/wp\/v2\/pages"}],"about":[{"href":"http:\/\/asesoriapilar.es\/index.php?rest_route=\/wp\/v2\/types\/page"}],"author":[{"embeddable":true,"href":"http:\/\/asesoriapilar.es\/index.php?rest_route=\/wp\/v2\/users\/1"}],"replies":[{"embeddable":true,"href":"http:\/\/asesoriapilar.es\/index.php?rest_route=%2Fwp%2Fv2%2Fcomments&post=8"}],"version-history":[{"count":7,"href":"http:\/\/asesoriapilar.es\/index.php?rest_route=\/wp\/v2\/pages\/8\/revisions"}],"predecessor-version":[{"id":214,"href":"http:\/\/asesoriapilar.es\/index.php?rest_route=\/wp\/v2\/pages\/8\/revisions\/214"}],"wp:attachment":[{"href":"http:\/\/asesoriapilar.es\/index.php?rest_route=%2Fwp%2Fv2%2Fmedia&parent=8"}],"curies":[{"name":"wp","href":"https:\/\/api.w.org\/{rel}","templated":true}]}}